{"id":22415,"date":"2015-06-21T08:55:32","date_gmt":"2015-06-21T08:55:32","guid":{"rendered":"http:\/\/kyntradingco.com\/fr\/our-services\/"},"modified":"2020-04-18T20:23:18","modified_gmt":"2020-04-18T20:23:18","slug":"nos-services","status":"publish","type":"page","link":"https:\/\/kyntradingco.com\/fr\/nos-services\/","title":{"rendered":"Nos Services"},"content":{"rendered":"<p>[vc_row full_width=\u00a0\u00bbstretch_row\u00a0\u00bb enable_overlay=\u00a0\u00bbenable_overlay_value\u00a0\u00bb overlay_pattern=\u00a0\u00bb01.png\u00a0\u00bb css=\u00a0\u00bb.vc_custom_1579384779437{margin-top: px !important;margin-bottom: 45px !important;padding-top: 200px !important;padding-bottom: 150px !important;background-image: url(http:\/\/kyntradingco.com\/wp-content\/uploads\/2015\/06\/fashion-course-1.jpg?id=22795) !important;background-position: center !important;background-repeat: no-repeat !important;background-size: cover !important;}\u00a0\u00bb][vc_column][vc_column_text basel_color_scheme=\u00a0\u00bblight\u00a0\u00bb]<\/p>\n<h1 class=\"font-title\" style=\"font-size: 50px; font-style: italic; text-align: center;\"><em>\u00a0\u00ab\u00a0Du design \u00e0 la livraison de vos produits<\/em><em><strong>\u00ab\u00a0<\/strong><\/em><\/h1>\n<p>[\/vc_column_text][\/vc_column][\/vc_row][vc_row content_placement=\u00a0\u00bbmiddle\u00a0\u00bb css=\u00a0\u00bb.vc_custom_1579385841648{margin-top: 20px !important;}\u00a0\u00bb][vc_column][vc_column_text]<\/p>\n<h2 class=\"title slider-title\">NOS SERVICES<\/h2>\n<p>[\/vc_column_text][\/vc_column][vc_column width=\u00a0\u00bb1\/3&Prime; el_class=\u00a0\u00bbtext-right\u00a0\u00bb][vc_column_text css=\u00a0\u00bb.vc_custom_1587239607490{margin-bottom: 30px !important;}\u00a0\u00bb]<\/p>\n<h5 style=\"margin-bottom: 10px;\"><strong>Design<\/strong><i class=\"fa fa-pencil\" style=\"color: #cecece; font-size: 34px; vertical-align: middle; margin-left: 15px;\"><\/i><\/h5>\n<p>Propositions de designs.[\/vc_column_text][vc_column_text css=\u00a0\u00bb.vc_custom_1587241385930{margin-bottom: 30px !important;}\u00a0\u00bb]<\/p>\n<h5 style=\"margin-bottom: 10px;\"><strong>Recommandations<\/strong><\/h5>\n<p>Support personnalis\u00e9 tout au long du projet<br \/>\n(Recommandation du meilleur rapport Qualit\u00e9 \/ Prix, hypoth\u00e8se de faisabilit\u00e9: d\u00e9lais\/ budget)[\/vc_column_text][vc_column_text]<\/p>\n<h5 style=\"margin-bottom: 10px;\"><strong>Fabrication<\/strong><\/h5>\n<p>Suivi de la production dans le respect des exigences clients.[\/vc_column_text][\/vc_column][vc_column width=\u00a0\u00bb1\/3&Prime;][vc_single_image image=\u00a0\u00bb22315&Prime; img_size=\u00a0\u00bbfull\u00a0\u00bb alignment=\u00a0\u00bbcenter\u00a0\u00bb css_animation=\u00a0\u00bbzoomInDown\u00a0\u00bb][\/vc_column][vc_column width=\u00a0\u00bb1\/3&Prime;][vc_column_text css=\u00a0\u00bb.vc_custom_1587238537780{margin-bottom: 30px !important;}\u00a0\u00bb]<\/p>\n<h5 style=\"margin-bottom: 10px;\"><i class=\"fa fa-flask\" style=\"color: #cecece; font-size: 34px; vertical-align: middle; margin-right: 15px;\"><\/i><strong>Innovation<\/strong><\/h5>\n<p>Comparaison par rapport aux tendances du moment. Recherche de nouveaux produits. Mat\u00e9riel \/ Sourcing.[\/vc_column_text][vc_column_text css=\u00a0\u00bb.vc_custom_1587238684361{margin-bottom: 30px !important;}\u00a0\u00bb]<\/p>\n<h5 style=\"margin-bottom: 10px;\"><strong>Contr\u00f4le de qualit\u00e9<br \/>\n<\/strong><\/h5>\n<p>Audit Fournisseur,<br \/>\nInspections en cours,<br \/>\nInspections finales.[\/vc_column_text][vc_column_text]<\/p>\n<h5 style=\"margin-bottom: 10px;\"><strong>Logistique<\/strong><\/h5>\n<p>Respect des d\u00e9lais. Livraisons selon vos souhaits.[\/vc_column_text][\/vc_column][vc_column][vc_single_image image=\u00a0\u00bb22797&Prime; img_size=\u00a0\u00bblarge\u00a0\u00bb alignment=\u00a0\u00bbcenter\u00a0\u00bb el_class=\u00a0\u00bbhidden\u00a0\u00bb][\/vc_column][\/vc_row][vc_row full_width=\u00a0\u00bbstretch_row\u00a0\u00bb css=\u00a0\u00bb.vc_custom_1579182386862{margin-bottom: 20px !important;background-color: #ffffff !important;}\u00a0\u00bb el_class=\u00a0\u00bbhidden\u00a0\u00bb][vc_column]<div id=\"ult-carousel-48975106769ea3671eeac6\" class=\"ult-carousel-wrapper   ult_horizontal\" data-gutter=\"15\" data-rtl=\"false\" ><div class=\"ult-carousel-100712299669ea3671ee931 \" >[vc_column_text]<\/p>\n<h1 class=\"p1\"><img loading=\"lazy\" class=\"wp-image-166 size-medium alignleft\" src=\"http:\/\/kyntradingco.com\/wp-content\/uploads\/2016\/02\/company2-300x300.jpg\" width=\"300\" height=\"300\" srcset=\"https:\/\/kyntradingco.com\/wp-content\/uploads\/2016\/02\/company2-300x300.jpg 300w, https:\/\/kyntradingco.com\/wp-content\/uploads\/2016\/02\/company2-150x150.jpg 150w, https:\/\/kyntradingco.com\/wp-content\/uploads\/2016\/02\/company2-280x280.jpg 280w, https:\/\/kyntradingco.com\/wp-content\/uploads\/2016\/02\/company2-600x600.jpg 600w, https:\/\/kyntradingco.com\/wp-content\/uploads\/2016\/02\/company2-45x45.jpg 45w, https:\/\/kyntradingco.com\/wp-content\/uploads\/2016\/02\/company2.jpg 614w\" sizes=\"(max-width: 300px) 100vw, 300px\" \/>ADVICES<\/h1>\n<p class=\"p1\"><span class=\"s1\"><strong>Personalized support<span class=\"Apple-converted-space\">\u00a0 <\/span>throughout the process:<\/strong><b>\u00a0<\/b><\/span><span class=\"s2\">We provided you a dedicated support throughout the process to help you reaching your targets and meet your requirements.<\/span><\/p>\n<p class=\"p1\"><strong><span class=\"s1\">Best Price \/ Quality ratio recommandation:\u00a0<\/span><\/strong><span class=\"s2\">We advise your on optimizations to do on product details (material, accessories, dimensions,..) in order to always recommend the best price \/ quality ration according to your budget.<\/span><\/p>\n<p class=\"p1\"><span class=\"s1\"><strong>Feasibility assumption<span class=\"Apple-converted-space\">\u00a0 <\/span>(timing, budget etc):<\/strong><b>\u00a0<\/b><\/span><span class=\"s2\">We quickly give you an assumption of the feasibility of your project according to your timing, budget and any constraints. <\/span><\/p>\n<p>[\/vc_column_text][vc_column_text]<\/p>\n<h1 class=\"p1\"><img loading=\"lazy\" class=\"wp-image-22794 alignleft\" src=\"http:\/\/kyntradingco.com\/wp-content\/uploads\/2015\/06\/bulb8-300x160.jpg\" width=\"372\" height=\"198\" srcset=\"https:\/\/kyntradingco.com\/wp-content\/uploads\/2015\/06\/bulb8-300x160.jpg 300w, https:\/\/kyntradingco.com\/wp-content\/uploads\/2015\/06\/bulb8-768x410.jpg 768w, https:\/\/kyntradingco.com\/wp-content\/uploads\/2015\/06\/bulb8-1024x547.jpg 1024w, https:\/\/kyntradingco.com\/wp-content\/uploads\/2015\/06\/bulb8-280x150.jpg 280w, https:\/\/kyntradingco.com\/wp-content\/uploads\/2015\/06\/bulb8-600x321.jpg 600w, https:\/\/kyntradingco.com\/wp-content\/uploads\/2015\/06\/bulb8-1200x641.jpg 1200w\" sizes=\"(max-width: 372px) 100vw, 372px\" \/>INNOVATION<\/h1>\n<p class=\"p1\"><strong><span class=\"s1\">Benchmark on current trends:\u00a0<\/span><\/strong><span class=\"s2\">As a part of our offer, we gratefully offer your some benchmark on current trends.<\/span><\/p>\n<p class=\"p1\"><span class=\"s1\"><strong>New products research:<\/strong><b>\u00a0<\/b><\/span><span class=\"s2\">Upon request, we can present to you the new products developed by our partners<\/span><\/p>\n<p class=\"p1\"><strong><span class=\"s1\">New material \/ fabric sourcing:\u00a0<\/span><\/strong><span class=\"s2\">Upon request, we can present to you the new material and fabric available.<\/span><\/p>\n<p>[\/vc_column_text][vc_column_text]<\/p>\n<h1><img loading=\"lazy\" class=\"wp-image-22796 size-medium alignleft\" src=\"http:\/\/kyntradingco.com\/wp-content\/uploads\/2015\/06\/fashion-student-advice-tools-designer-scissors-300x120.jpg\" width=\"300\" height=\"120\" srcset=\"https:\/\/kyntradingco.com\/wp-content\/uploads\/2015\/06\/fashion-student-advice-tools-designer-scissors-300x120.jpg 300w, https:\/\/kyntradingco.com\/wp-content\/uploads\/2015\/06\/fashion-student-advice-tools-designer-scissors-768x307.jpg 768w, https:\/\/kyntradingco.com\/wp-content\/uploads\/2015\/06\/fashion-student-advice-tools-designer-scissors-280x112.jpg 280w, https:\/\/kyntradingco.com\/wp-content\/uploads\/2015\/06\/fashion-student-advice-tools-designer-scissors-600x240.jpg 600w, https:\/\/kyntradingco.com\/wp-content\/uploads\/2015\/06\/fashion-student-advice-tools-designer-scissors.jpg 1000w\" sizes=\"(max-width: 300px) 100vw, 300px\" \/>DESIGN<\/h1>\n<p class=\"p1\"><strong><span class=\"s1\">Design suggestions<\/span><\/strong><\/p>\n<p class=\"p1\"><span class=\"s2\">If needed, we will suggest new designs and products according to your initial technical pack or brief. It may offer a diversification of your initial idea.<\/span><\/p>\n<p>[\/vc_column_text][vc_column_text]<\/p>\n<h1 class=\"p1\"><img loading=\"lazy\" class=\"size-medium wp-image-22791 alignleft\" src=\"http:\/\/kyntradingco.com\/wp-content\/uploads\/2015\/06\/production-7-300x200.jpg\" alt=\"\" width=\"300\" height=\"200\" srcset=\"https:\/\/kyntradingco.com\/wp-content\/uploads\/2015\/06\/production-7-300x200.jpg 300w, https:\/\/kyntradingco.com\/wp-content\/uploads\/2015\/06\/production-7-768x512.jpg 768w, https:\/\/kyntradingco.com\/wp-content\/uploads\/2015\/06\/production-7-1024x682.jpg 1024w, https:\/\/kyntradingco.com\/wp-content\/uploads\/2015\/06\/production-7-280x187.jpg 280w, https:\/\/kyntradingco.com\/wp-content\/uploads\/2015\/06\/production-7-600x400.jpg 600w, https:\/\/kyntradingco.com\/wp-content\/uploads\/2015\/06\/production-7-1200x800.jpg 1200w\" sizes=\"(max-width: 300px) 100vw, 300px\" \/>MANUFACTURING<\/h1>\n<p class=\"p1\"><strong><span class=\"s1\">Production follow-up according to customer requirements\u00a0<\/span><\/strong><\/p>\n<p class=\"p1\"><span class=\"s2\">We prepare and follow the manufacturing in our selected partner. We make sure of the right execution of the project from sampling to packing.<\/span><\/p>\n<p>[\/vc_column_text][vc_column_text]<\/p>\n<h1 class=\"p1\"><img loading=\"lazy\" class=\"wp-image-22792 alignleft\" src=\"http:\/\/kyntradingco.com\/wp-content\/uploads\/2015\/06\/art_data-quality-control-300x150.jpg\" width=\"326\" height=\"163\" srcset=\"https:\/\/kyntradingco.com\/wp-content\/uploads\/2015\/06\/art_data-quality-control-300x150.jpg 300w, https:\/\/kyntradingco.com\/wp-content\/uploads\/2015\/06\/art_data-quality-control-768x384.jpg 768w, https:\/\/kyntradingco.com\/wp-content\/uploads\/2015\/06\/art_data-quality-control-280x140.jpg 280w, https:\/\/kyntradingco.com\/wp-content\/uploads\/2015\/06\/art_data-quality-control-600x300.jpg 600w, https:\/\/kyntradingco.com\/wp-content\/uploads\/2015\/06\/art_data-quality-control.jpg 800w\" sizes=\"(max-width: 326px) 100vw, 326px\" \/>QUALITY CONTROL<\/h1>\n<p class=\"p1\"><span class=\"s1\"><strong>Supplier Audit:<\/strong><b>\u00a0<\/b><\/span><span class=\"s2\">Our selected partners have been previously audited to fulfill environmental, social, security and technical requirements on international standards.<\/span><\/p>\n<p class=\"p1\"><strong><span class=\"s1\">Inline Inspections:\u00a0<\/span><\/strong><span class=\"s2\">Upon request and for critical project, we can organize an inline inspections.<\/span><\/p>\n<p class=\"p1\"><span class=\"s1\"><strong>Final Inspections:<\/strong><b>\u00a0<\/b><\/span><span class=\"s2\">For all projects, we organize a final inspections before delivery.<\/span><\/p>\n<p>[\/vc_column_text][vc_column_text]<\/p>\n<h1 class=\"p1\"><img loading=\"lazy\" class=\"wp-image-22793 size-medium alignleft\" src=\"http:\/\/kyntradingco.com\/wp-content\/uploads\/2015\/06\/eikbsc3sdti-sonja-langford-300x200.jpg\" width=\"300\" height=\"200\" srcset=\"https:\/\/kyntradingco.com\/wp-content\/uploads\/2015\/06\/eikbsc3sdti-sonja-langford-300x200.jpg 300w, https:\/\/kyntradingco.com\/wp-content\/uploads\/2015\/06\/eikbsc3sdti-sonja-langford-768x512.jpg 768w, https:\/\/kyntradingco.com\/wp-content\/uploads\/2015\/06\/eikbsc3sdti-sonja-langford-1024x683.jpg 1024w, https:\/\/kyntradingco.com\/wp-content\/uploads\/2015\/06\/eikbsc3sdti-sonja-langford-280x187.jpg 280w, https:\/\/kyntradingco.com\/wp-content\/uploads\/2015\/06\/eikbsc3sdti-sonja-langford-600x400.jpg 600w, https:\/\/kyntradingco.com\/wp-content\/uploads\/2015\/06\/eikbsc3sdti-sonja-langford-1200x800.jpg 1200w\" sizes=\"(max-width: 300px) 100vw, 300px\" \/>LOGISTICS<\/h1>\n<p class=\"p1\"><strong><span class=\"s1\">Deadlines compliance:\u00a0<\/span><\/strong><span class=\"s2\">We place a great importance to meeting deadlines.<\/span><\/p>\n<p class=\"p1\"><span class=\"s1\"><strong>Goods delivery:<\/strong><b>\u00a0<\/b><\/span><span class=\"s2\">We deliver according to your wish (your facilities \/ your partners \/ your clients).<\/span><\/p>\n<p>[\/vc_column_text]<\/div><\/div>            <script type=\"text\/javascript\">\n\t\t\t\tjQuery(document).ready(function($){\n               \t\t$('.ult-carousel-100712299669ea3671ee931').slick({dots: true,autoplay: true,autoplaySpeed: 7000,speed: 100,infinite: true,arrows: true,nextArrow: '<button type=\"button\" style=\"color:#333333; font-size:20px;\" class=\"slick-next default\"><i class=\"ultsl-arrow-right4\"><\/i><\/button>',prevArrow: '<button type=\"button\" style=\"color:#333333; font-size:20px;\" class=\"slick-prev default\"><i class=\"ultsl-arrow-left4\"><\/i><\/button>',slidesToScroll:1,slidesToShow:1,swipe: true,draggable: true,touchMove: true,responsive: [\n\t\t\t\t\t\t\t{\n\t\t\t\t\t\t\t  breakpoint: 1025,\n\t\t\t\t\t\t\t  settings: {\n\t\t\t\t\t\t\t\tslidesToShow: 1,\n\t\t\t\t\t\t\t\tslidesToScroll: 1,  \n\t\t\t\t\t\t\t  }\n\t\t\t\t\t\t\t},\n\t\t\t\t\t\t\t{\n\t\t\t\t\t\t\t  breakpoint: 769,\n\t\t\t\t\t\t\t  settings: {\n\t\t\t\t\t\t\t\tslidesToShow: 1,\n\t\t\t\t\t\t\t\tslidesToScroll: 1\n\t\t\t\t\t\t\t  }\n\t\t\t\t\t\t\t},\n\t\t\t\t\t\t\t{\n\t\t\t\t\t\t\t  breakpoint: 481,\n\t\t\t\t\t\t\t  settings: {\n\t\t\t\t\t\t\t\tslidesToShow: 1,\n\t\t\t\t\t\t\t\tslidesToScroll: 1\n\t\t\t\t\t\t\t  }\n\t\t\t\t\t\t\t}\n\t\t\t\t\t\t],pauseOnHover: true,\n\t\t\t\t\t\tpauseOnDotsHover: true,customPaging: function(slider, i) {\n                   return '<i type=\"button\" style=\"color:#333333;\" class=\"ultsl-record\" data-role=\"none\"><\/i>';\n                },});\n\t\t\t\t});\n\t\t\t<\/script>\n            [\/vc_column][\/vc_row][vc_row full_width=\u00a0\u00bbstretch_row\u00a0\u00bb css=\u00a0\u00bb.vc_custom_1487329015353{margin-bottom: 20px !important;background-color: #0a0a0a !important;}\u00a0\u00bb][vc_column][vc_column_text basel_color_scheme=\u00a0\u00bblight\u00a0\u00bb css=\u00a0\u00bb.vc_custom_1587240360301{margin-bottom: 40px !important;}\u00a0\u00bb]<\/p>\n<h1 style=\"text-align: center; font-size: 38px;\"><strong>\u00caTES VOUS PR\u00caT POUR COMMENCER VOTRE PROJET ? <a href=\"http:\/\/kyntradingco.com\/contact\/\">PRENEZ CONTACT<\/a><\/strong><\/h1>\n<p>[\/vc_column_text][\/vc_column][\/vc_row][vc_row el_class=\u00a0\u00bbhidden\u00a0\u00bb][vc_column][vc_tta_tour style=\u00a0\u00bbflat\u00a0\u00bb shape=\u00a0\u00bbsquare\u00a0\u00bb color=\u00a0\u00bbwhite\u00a0\u00bb autoplay=\u00a0\u00bb5&Prime; active_section=\u00a0\u00bb100&Prime; pagination_style=\u00a0\u00bboutline-square\u00a0\u00bb][vc_tta_section title=\u00a0\u00bbBRIEF RECEIPT\u00a0\u00bb tab_id=\u00a0\u00bb1487082702822-c00f462e-29f70015-5e14&Prime; el_class=\u00a0\u00bbhidden\u00a0\u00bb][vc_column_text]<strong>According to your strategy, you build a brief and submit it to our team.<\/strong><\/p>\n<p><strong>We analyze it and confirm with you all the project details.<\/strong><\/p>\n<p><img loading=\"lazy\" class=\"size-full wp-image-22776 aligncenter\" src=\"http:\/\/kyntradingco.com\/wp-content\/uploads\/2015\/06\/office-15-128.png\" alt=\"\" width=\"128\" height=\"128\" srcset=\"https:\/\/kyntradingco.com\/wp-content\/uploads\/2015\/06\/office-15-128.png 128w, https:\/\/kyntradingco.com\/wp-content\/uploads\/2015\/06\/office-15-128-45x45.png 45w\" sizes=\"(max-width: 128px) 100vw, 128px\" \/>[\/vc_column_text][\/vc_tta_section][vc_tta_section title=\u00a0\u00bbPROPOSAL\u00a0\u00bb tab_id=\u00a0\u00bb1487082944155-719db4e1-b27c0015-5e14&Prime;][vc_column_text]<strong>A proposal including costs, timing and alternative solutions is submitted for validation.<\/strong><\/p>\n<p><img loading=\"lazy\" class=\"size-full wp-image-22777 aligncenter\" src=\"http:\/\/kyntradingco.com\/wp-content\/uploads\/2015\/06\/office-31-128.png\" alt=\"\" width=\"128\" height=\"128\" srcset=\"https:\/\/kyntradingco.com\/wp-content\/uploads\/2015\/06\/office-31-128.png 128w, https:\/\/kyntradingco.com\/wp-content\/uploads\/2015\/06\/office-31-128-45x45.png 45w\" sizes=\"(max-width: 128px) 100vw, 128px\" \/>[\/vc_column_text][\/vc_tta_section][vc_tta_section title=\u00a0\u00bbSAMPLING\u00a0\u00bb tab_id=\u00a0\u00bb1487082702937-56b4088d-84d10015-5e14&Prime;][vc_column_text]<strong>Sampling is the product prototype realization. Our teams advise you on the optimizations to make regarding the product details like material, accessories, and dimensions.<\/strong><\/p>\n<p><img loading=\"lazy\" class=\"size-full wp-image-22775 aligncenter\" src=\"http:\/\/kyntradingco.com\/wp-content\/uploads\/2015\/06\/office-10-128.png\" alt=\"\" width=\"128\" height=\"128\" srcset=\"https:\/\/kyntradingco.com\/wp-content\/uploads\/2015\/06\/office-10-128.png 128w, https:\/\/kyntradingco.com\/wp-content\/uploads\/2015\/06\/office-10-128-45x45.png 45w\" sizes=\"(max-width: 128px) 100vw, 128px\" \/>[\/vc_column_text][\/vc_tta_section][vc_tta_section title=\u00a0\u00bbPRODUCTION\u00a0\u00bb tab_id=\u00a0\u00bb1487083153818-40ab4bfa-7fab0015-5e14&Prime;][vc_column_text]<strong>Each production launch is done with the Project Manager to ensure the confirmed samples is followed. If you wish, we can submit to you a pre-production sample for validation.<\/strong><\/p>\n<p><strong>KYN Trading &amp; Co make a final inspection to ensure the products quality.<\/strong><\/p>\n<p><img loading=\"lazy\" class=\"size-full wp-image-22774 aligncenter\" src=\"http:\/\/kyntradingco.com\/wp-content\/uploads\/2015\/06\/office-09-128.png\" alt=\"\" width=\"128\" height=\"128\" srcset=\"https:\/\/kyntradingco.com\/wp-content\/uploads\/2015\/06\/office-09-128.png 128w, https:\/\/kyntradingco.com\/wp-content\/uploads\/2015\/06\/office-09-128-45x45.png 45w\" sizes=\"(max-width: 128px) 100vw, 128px\" \/>[\/vc_column_text][\/vc_tta_section][vc_tta_section title=\u00a0\u00bbDELIVERY\u00a0\u00bb tab_id=\u00a0\u00bb1487083183761-49be280d-40300015-5e14&Prime;][vc_column_text]<strong>KYN Trading &amp; Co take in charge the transport of your production to your selected forwarder or to your final destination with an international logistics company.<\/strong><\/p>\n<p><img loading=\"lazy\" class=\"size-full wp-image-22773 aligncenter\" src=\"http:\/\/kyntradingco.com\/wp-content\/uploads\/2015\/06\/office-13-128.png\" alt=\"\" width=\"128\" height=\"128\" srcset=\"https:\/\/kyntradingco.com\/wp-content\/uploads\/2015\/06\/office-13-128.png 128w, https:\/\/kyntradingco.com\/wp-content\/uploads\/2015\/06\/office-13-128-45x45.png 45w\" sizes=\"(max-width: 128px) 100vw, 128px\" \/>[\/vc_column_text][\/vc_tta_section][\/vc_tta_tour][\/vc_column][\/vc_row][vc_row content_placement=\u00a0\u00bbmiddle\u00a0\u00bb css=\u00a0\u00bb.vc_custom_1579468178420{margin-top: 50px !important;}\u00a0\u00bb][vc_column][vc_column_text]<\/p>\n<h2 class=\"title slider-title\">VOTRE PROJET<\/h2>\n<p>[\/vc_column_text][vc_column_text]<\/p>\n<ul>\n<li>\n<h4>Nous simplifions l&rsquo;ex\u00e9cution de vos projets en optimisant vos budgets, vos d\u00e9lais, tout en garantissant une qualit\u00e9 optimale.<\/h4>\n<\/li>\n<li>\n<h4>Le but est de d\u00e9finir votre juste besoin.<\/h4>\n<\/li>\n<\/ul>\n<p>[\/vc_column_text][\/vc_column][\/vc_row][vc_row][vc_column][vc_raw_html]JTNDZGl2JTIwaWQlM0QlMjJ5b3VyLXByb2plY3QtY2FyZHMlMjIlM0UlMEElMEElMjAlMjAlMjAlMjAlMjAlMjAlM0NkaXYlMjBjbGFzcyUzRCUyMnlvdXItcHJvamVjdC1zdGVwLWNhcmQlMjIlM0UlMEElMjAlMjAlMjAlMjAlMjAlMjAlMjAlMjAlM0NpbWclMjBzcmMlM0QlMjJodHRwcyUzQSUyRiUyRmt5bnRyYWRpbmdjby5jb20lMkZ3cC1jb250ZW50JTJGdXBsb2FkcyUyRjIwMjAlMkYwMSUyRmludGVydmlld19icmllZi1yZWNlaXB0LnBuZyUyMiUyMCUyRiUzRSUwQSUyMCUyMCUyMCUyMCUyMCUyMCUyMCUyMCUzQ2gyJTNFUmVjZXB0aW9uJTIwZHUlMjBCcmllZiUzQyUyRmgyJTNFJTBBJTIwJTIwJTIwJTIwJTIwJTIwJTIwJTIwJTNDcCUzRUVuJTIwZm9uY3Rpb24lMjBkZSUyMHZvdHJlJTIwc3RyYXQlQzMlQTlnaWUlMkMlMjB2b3VzJTIwY29uc3RydWlzZXolMjB1biUyMCVDMiVBQmJyaWVmJUMyJUJCJTIwcXVlJTIwdm91cyUyMHNvdW1ldHRleiUyMCVDMyVBMCUyMG5vcyUyMCVDMyVBOXF1aXBlcy4lMjBTdWl0ZSUyMCVDMyVBMCUyMGwlRTIlODAlOTlhbmFseXNlJTIwZHUlMjBicmllZiUyQyUyMG5vdXMlMjBjb25maXJtb25zJTIwYXZlYyUyMHZvdXMlMjB0b3VzJTIwbGVzJTIwZCVDMyVBOXRhaWxzJTIwZHUlMjBwcm9qZXQuJTNDJTJGcCUzRSUwQSUyMCUyMCUyMCUyMCUyMCUyMCUzQyUyRmRpdiUzRSUwQSUwQSUyMCUyMCUyMCUyMCUyMCUyMCUzQ2RpdiUyMGNsYXNzJTNEJTIyeW91ci1wcm9qZWN0LXN0ZXAtY2FyZCUyMiUzRSUwQSUyMCUyMCUyMCUyMCUyMCUyMCUyMCUyMCUzQ2ltZyUyMHNyYyUzRCUyMmh0dHBzJTNBJTJGJTJGa3ludHJhZGluZ2NvLmNvbSUyRndwLWNvbnRlbnQlMkZ1cGxvYWRzJTJGMjAyMCUyRjAxJTJGc3RhbXBfcHJvcG9zYWwucG5nJTIyJTIwJTJGJTNFJTBBJTIwJTIwJTIwJTIwJTIwJTIwJTIwJTIwJTNDaDIlM0VQcm9wb3NpdGlvbiUzQyUyRmgyJTNFJTBBJTIwJTIwJTIwJTIwJTIwJTIwJTIwJTIwJTNDcCUzRVVuZSUyMHByb3Bvc2l0aW9uJTIwaW50JUMzJUE5Z3JhbnQlMjBjbyVDMyVCQnRzJTJDJTIwZCVDMyVBOWxhaXMlMkMlMjBhbHRlcm5hdGl2ZXMlMjB2b3VzJTIwZXN0JTIwZW52b3klQzMlQTklMjBwb3VyJTIwdmFsaWRhdGlvbi4lMjAlM0MlMkZwJTNFJTBBJTIwJTIwJTIwJTIwJTIwJTIwJTNDJTJGZGl2JTNFJTBBJTBBJTIwJTIwJTIwJTIwJTIwJTIwJTNDZGl2JTIwY2xhc3MlM0QlMjJ5b3VyLXByb2plY3Qtc3RlcC1jYXJkJTIyJTNFJTBBJTIwJTIwJTIwJTIwJTIwJTIwJTIwJTIwJTNDaW1nJTIwc3JjJTNEJTIyaHR0cHMlM0ElMkYlMkZreW50cmFkaW5nY28uY29tJTJGd3AtY29udGVudCUyRnVwbG9hZHMlMkYyMDIwJTJGMDElMkZza2V0Y2hfc2FtcGxlLnBuZyUyMiUyMCUyRiUzRSUwQSUyMCUyMCUyMCUyMCUyMCUyMCUyMCUyMCUzQ2gyJTNFRWNoYW50aWxsb25hZ2UlM0MlMkZoMiUzRSUwQSUyMCUyMCUyMCUyMCUyMCUyMCUyMCUyMCUzQ3AlM0VMJUUyJTgwJTk5JUMzJUE5Y2hhbnRpbGxvbm5hZ2UlMjBlc3QlMjBsYSUyMHIlQzMlQTlhbGlzYXRpb24lMjBkdSUyMHByb3RvdHlwZSUyMHByb2R1aXQuJTIwTm9zJTIwJUMzJUE5cXVpcGVzJTIwdm91cyUyMGNvbnNlaWxsZW50JTIwc3VyJTIwbGVzJTIwb3B0aW1pc2F0aW9ucyUyMCVDMyVBMCUyMGZhaXJlJTIwY29uY2VybmFudCUyMGxlcyUyMGQlQzMlQTl0YWlscyUyMHByb2R1aXQlMjAlQzMlQTAlMjBzYXZvaXIlMkMlMjBsYSUyMG1hdGklQzMlQThyZSUyQyUyMGxlcyUyMGFjY2Vzc29pcmVzJTIwZXQlMjBsZXMlMjBkaW1lbnNpb25zLiUzQyUyRnAlM0UlMEElMjAlMjAlMjAlMjAlMjAlMjAlM0MlMkZkaXYlM0UlMEElMEElMjAlMjAlMjAlMjAlMjAlMjAlM0NkaXYlMjBpZCUzRCUyMnlwc2MtcHJvZHVjdGlvbiUyMiUyMGNsYXNzJTNEJTIyeW91ci1wcm9qZWN0LXN0ZXAtY2FyZCUyMiUzRSUwQSUyMCUyMCUyMCUyMCUyMCUyMCUyMCUyMCUzQ2ltZyUyMHNyYyUzRCUyMmh0dHBzJTNBJTJGJTJGa3ludHJhZGluZ2NvLmNvbSUyRndwLWNvbnRlbnQlMkZ1cGxvYWRzJTJGMjAyMCUyRjAxJTJGcHJvZHVjdGlvbi5wbmclMjIlMjAlMkYlM0UlMEElMjAlMjAlMjAlMjAlMjAlMjAlMjAlMjAlM0NoMiUzRVByb2R1Y3Rpb24lM0MlMkZoMiUzRSUwQSUyMCUyMCUyMCUyMCUyMCUyMCUyMCUyMCUzQ3AlM0VUb3V0JTIwZCVDMyVBOW1hcnJhZ2UlMjBkZSUyMHByb2R1Y3Rpb24lMjBzZSUyMGZhaXQlMjBhdmVjJTIwbGElMjBwZXJzb25uZSUyMGVuJTIwY2hhcmdlJTIwZHUlMjBwcm9qZXQlMjBwb3VyJTIwcyVFMiU4MCU5OWFzc3VyZXIlMjBxdWUlMjBsZSUyMGRlc2lnbiUyMGR1JTIwc2FtcGxlJTIwdmFsaWQlQzMlQTklMjBlc3QlMjByZXNwZWN0JUMzJUE5LiUyMFNpJTIwdm91cyUyMGxlJTIwc291aGFpdGV6JTJDJTIwdW4lMjAlQzMlQTljaGFudGlsbG9uJTIwZGUlMjBwciVDMyVBOS1wcm9kdWN0aW9uJTIwcGV1dCUyMCVDMyVBQXRyZSUyMHNvdW1pcyUyMHBvdXIlMjB2YWxpZGF0aW9uLiUzQ2JyJTJGJTNFJTIwS1lOJTIwVHJhZGluZyUyMCUyNiUyMENvJTIwaW5zcGVjdGUlMjBjaGFxdWUlMjBmaW4lMjBkZSUyMHByb2R1Y3Rpb24lMjBwb3VyJTIwcyVFMiU4MCU5OWFzc3VyZXIlMjBkZSUyMGxhJTIwcXVhbGl0JUMzJUE5JTIwZGVzJTIwcHJvZHVpdHMuJTNDJTJGcCUzRSUwQSUyMCUyMCUyMCUyMCUyMCUyMCUzQyUyRmRpdiUzRSUwQSUwQSUyMCUyMCUyMCUyMCUyMCUyMCUzQ2RpdiUyMGNsYXNzJTNEJTIyeW91ci1wcm9qZWN0LXN0ZXAtY2FyZCUyMiUzRSUwQSUyMCUyMCUyMCUyMCUyMCUyMCUyMCUyMCUzQ2ltZyUyMHNyYyUzRCUyMmh0dHBzJTNBJTJGJTJGa3ludHJhZGluZ2NvLmNvbSUyRndwLWNvbnRlbnQlMkZ1cGxvYWRzJTJGMjAyMCUyRjAxJTJGdHJ1Y2sucG5nJTIyJTIwJTJGJTNFJTBBJTIwJTIwJTIwJTIwJTIwJTIwJTIwJTIwJTNDaDIlM0VMaXZyYWlzb24lM0MlMkZoMiUzRSUwQSUyMCUyMCUyMCUyMCUyMCUyMCUyMCUyMCUzQ3AlM0VLWU4lMjBUcmFkaW5nJTIwJTI2JTIwQ28lMjBzJUUyJTgwJTk5YXNzdXJlJTIwZHUlMjB0cmFuc3BvcnQlMjBkZSUyMHZvdHJlJTIwcHJvZHVjdGlvbiUyMGp1c3F1JUUyJTgwJTk5YXUlMjB0cmFuc2l0YWlyZSUyMGRlJTIwdm90cmUlMjBjaG9peCUyMG91JTIwZW4lMjBjb2xsYWJvcmF0aW9uJTIwYXZlYyUyMHVuZSUyMHNvY2klQzMlQTl0JUMzJUE5JTIwZGUlMjB0cmFuc3BvcnQlMjBpbnRlcm5hdGlvbmFsZSUyMCVDMyVBMCUyMGwlRTIlODAlOTlhZHJlc3NlJTIwZGUlMjB2b3RyZSUyMGNob2l4LiUzQyUyRnAlM0UlMEElMjAlMjAlMjAlMjAlMjAlMjAlM0MlMkZkaXYlM0UlMEElMEElMjAlMjAlMjAlMjAlM0MlMkZkaXYlM0U=[\/vc_raw_html][\/vc_column][\/vc_row]<\/p>\n","protected":false},"excerpt":{"rendered":"<p>[vc_row full_width=\u00a0\u00bbstretch_row\u00a0\u00bb enable_overlay=\u00a0\u00bbenable_overlay_value\u00a0\u00bb overlay_pattern=\u00a0\u00bb01.png\u00a0\u00bb css=\u00a0\u00bb.vc_custom_1579384779437{margin-top: px !important;margin-bottom: 45px !important;padding-top: 200px !important;padding-bottom: 150px !important;background-image: url(http:\/\/kyntradingco.com\/wp-content\/uploads\/2015\/06\/fashion-course-1.jpg?id=22795) !important;background-position: center !important;background-repeat: no-repeat !important;background-size: cover<\/p>\n","protected":false},"author":3,"featured_media":0,"parent":0,"menu_order":0,"comment_status":"closed","ping_status":"closed","template":"","meta":[],"_links":{"self":[{"href":"https:\/\/kyntradingco.com\/fr\/wp-json\/wp\/v2\/pages\/22415"}],"collection":[{"href":"https:\/\/kyntradingco.com\/fr\/wp-json\/wp\/v2\/pages"}],"about":[{"href":"https:\/\/kyntradingco.com\/fr\/wp-json\/wp\/v2\/types\/page"}],"author":[{"embeddable":true,"href":"https:\/\/kyntradingco.com\/fr\/wp-json\/wp\/v2\/users\/3"}],"replies":[{"embeddable":true,"href":"https:\/\/kyntradingco.com\/fr\/wp-json\/wp\/v2\/comments?post=22415"}],"version-history":[{"count":14,"href":"https:\/\/kyntradingco.com\/fr\/wp-json\/wp\/v2\/pages\/22415\/revisions"}],"predecessor-version":[{"id":24001,"href":"https:\/\/kyntradingco.com\/fr\/wp-json\/wp\/v2\/pages\/22415\/revisions\/24001"}],"wp:attachment":[{"href":"https:\/\/kyntradingco.com\/fr\/wp-json\/wp\/v2\/media?parent=22415"}],"curies":[{"name":"wp","href":"https:\/\/api.w.org\/{rel}","templated":true}]}}