{"id":22401,"date":"2015-06-21T11:03:51","date_gmt":"2015-06-21T11:03:51","guid":{"rendered":"http:\/\/kyntradingco.com\/fr\/lagence\/"},"modified":"2020-04-18T20:22:23","modified_gmt":"2020-04-18T20:22:23","slug":"our-company","status":"publish","type":"page","link":"https:\/\/kyntradingco.com\/fr\/our-company\/","title":{"rendered":"Notre agence"},"content":{"rendered":"<p>[vc_row full_width=\u00a0\u00bbstretch_row\u00a0\u00bb full_height=\u00a0\u00bbyes\u00a0\u00bb fadeout_row=\u00a0\u00bbfadeout_row_value\u00a0\u00bb css=\u00a0\u00bb.vc_custom_1487081908584{margin-bottom: 60px !important;background-image: url(http:\/\/kyntradingco.com\/wp-content\/uploads\/2015\/06\/arturai_tailor_made_istock_000033845414_double_crop.jpg?id=22766) !important;background-position: center !important;background-repeat: no-repeat !important;background-size: cover !important;}\u00a0\u00bb][vc_column][vc_column_text basel_color_scheme=\u00a0\u00bblight\u00a0\u00bb css=\u00a0\u00bb.vc_custom_1587241338495{margin-top: 5% !important;margin-bottom: 5% !important;}\u00a0\u00bb]<\/p>\n<h1><\/h1>\n<h1 style=\"margin-bottom: -25px; font-size: 68px; text-align: center;\"><strong>L&rsquo;EXPERIENCE POUR SERVIR L&rsquo;EXCELLENCE<br \/>\n<\/strong><\/h1>\n<p>&nbsp;<\/p>\n<p style=\"font-size: 18px; margin-bottom: 25px; color: rgba(255,255,255,0.9); text-align: center;\">Satisfaction client, Rigueur, R\u00e9activit\u00e9, Service sur-mesure, Cr\u00e9ativit\u00e9 et Auth\u00e9nticit\u00e9 sont nos valeurs.<\/p>\n<p style=\"font-size: 18px; margin-bottom: 25px; color: rgba(255,255,255,0.9); text-align: center;\"><a class=\"btn btn-color-white btn-size-large btn-style-bordered\" href=\"http:\/\/kyntradingco.com\/?page_id=456\">contactez-nous<\/a><\/p>\n<p>[\/vc_column_text][\/vc_column][\/vc_row][vc_row css=\u00a0\u00bb.vc_custom_1451575485367{margin-bottom: 65px !important;}\u00a0\u00bb][vc_column css=\u00a0\u00bb.vc_custom_1451389567526{padding-right: 40px !important;}\u00a0\u00bb][vc_column_text css=\u00a0\u00bb.vc_custom_1586959443551{margin-bottom: 30px !important;}\u00a0\u00bb]<\/p>\n<h1 style=\"margin-bottom: 15px;\"><strong>QUI SOMMES-NOUS?<br \/>\n<\/strong><\/h1>\n<h5>KYN Trading &amp; Co est votre partenaire de\u0301die\u0301 au sourcing en Asie.<\/h5>\n<h5 style=\"text-align: justify !important; text-justify: inter-word !important;\">KYN Trading &amp; Co est une entreprise dynamique et \u00e9voluant dans le monde entier. Nous sommes sp\u00e9cialis\u00e9s dans la conception et la fabrication de produits promotionnels originaux, exclusifs et \u00absur mesure\u00bb, afin de promouvoir vos lancements et votre marque.<\/h5>\n<h5 style=\"text-align: justify !important; text-justify: inter-word !important;\">Implante\u0301s en Chine depuis plusieurs anne\u0301es, nous intervenons aupre\u0300s de PME et groupes internationaux, en proposant un service sur-mesure. Notre e\u0301quipe internationale vous assure une pre\u0301sence tout au long du projet pour re\u0301pondre efficacement a\u0300 vos besoins.<\/h5>\n<p>[\/vc_column_text][vc_single_image image=\u00a0\u00bb22782&Prime; img_size=\u00a0\u00bbfull\u00a0\u00bb alignment=\u00a0\u00bbcenter\u00a0\u00bb css_animation=\u00a0\u00bbleft-to-right\u00a0\u00bb el_class=\u00a0\u00bbhide-img\u00a0\u00bb][vc_row_inner][vc_column_inner width=\u00a0\u00bb1\/2&Prime;][vc_column_text css=\u00a0\u00bb.vc_custom_1586959345760{margin-bottom: 30px !important;}\u00a0\u00bb]<\/p>\n<h1 style=\"margin-bottom: 15px;\"><strong>Fashion<\/strong><\/h1>\n<h5 style=\"text-align: justify !important; text-justify: inter-word !important;\">\u200bKYN Trading &amp; Co accompagne ses clients sur un large choix de produits fashion, du v\u00eatement \u00ab\u00a0casual\u00a0\u00bb au streetwear de pointe. Nous avons un panel de plus de 20 partenaires certifi\u00e9s.<\/h5>\n<h5>Notre plus grand savoir-faire se situe sur les cat\u00e9gories suivantes: Manteaux, Molleton, Denim, Accessoires:<\/h5>\n<h5>&#8211; Manteaux<br \/>\n&#8211; Molleton<br \/>\n&#8211; Denim<br \/>\n&#8211; Accessoires<\/h5>\n<p>[\/vc_column_text][\/vc_column_inner][vc_column_inner width=\u00a0\u00bb1\/2&Prime;][vc_column_text css=\u00a0\u00bb.vc_custom_1586959398212{margin-bottom: 30px !important;}\u00a0\u00bb el_class=\u00a0\u00bbjustify-text\u00a0\u00bb]<\/p>\n<h1 style=\"margin-bottom: 15px;\"><strong>Gifts &amp; Premium<\/strong><\/h1>\n<h5><b>KYN Trading &amp; Co est une entreprise dynamique et \u00e9voluant dans le monde entier. Nous sommes sp\u00e9cialis\u00e9s dans la conception et la fabrication de produits promotionnels originaux, exclusifs et \u00absur mesure\u00bb, afin de promouvoir vos lancements et votre marque.<\/b><\/h5>\n<h5><b>Notre exp\u00e9rience en sourcing nous permet de r\u00e9pondre \u00e0 tout type de demande et tout type de budge.<\/b><\/h5>\n<h5><b>Vous tenir au courant de la tendance est si important et nous avons vraiment h\u00e2te de travailler avec vous et de voir les produits incroyables que nous pouvons cr\u00e9er ensemble.\u00a0<\/b><\/h5>\n<p>[\/vc_column_text][\/vc_column_inner][\/vc_row_inner][\/vc_column][\/vc_row][vc_row][vc_column]\t\t\t<div id=\"carousel-9041\" class=\"testimonials-wrapper\">\n\t\t\t\t\t\t\t\t\t<h2 class=\"title slider-title\">Notre avantage<\/h2>\n\t\t\t\t\t\t\t\t<div class=\"testimonials testimonials-slider testimon-style-standard testimon-columns-3 testimon-align-center owl-carousel hidden\" >\n\t\t\t\t\t\t\t\t\n\t\t\t<div class=\"testimonial \" >\n\t\t\t\t<div class=\"testimonial-inner\">\n\t\t\t\t\t\t\t\t\t\t\t<div class=\"testimonial-avatar\">\n\t\t\t\t\t\t\t<img class=\"testimonial-avatar-image \" src=\"https:\/\/kyntradingco.com\/wp-content\/uploads\/2015\/06\/menejmenti-1-600x600.jpg\" width=\"600\" height=\"600\" alt=\"menejmenti\" title=\"menejmenti\" \/>\t\t\t\t\t\t<\/div>\n\t\t\t\t\t\t\t\t\t\t\n\t\t\t\t\t<div class=\"testimonial-content\">\n\t\t\t\t\t\t<\/p>\n<h5><span class=\"s1\">Each clients has a dedicated team managed by the Project Manager to follow its project.<\/span><\/h5>\n<h5 class=\"p1\"><span class=\"s1\">Recognised as expert in Sourcing, our team skills ensure a confidence and reliability throughout the project.<\/span><\/h5>\n<p>\t\t\t\t\t\t<footer>\n\t\t\t\t\t\t\tA Professional team \n\t\t\t\t\t\t\t<span>That follows your project<\/span>\n\t\t\t\t\t\t<\/footer>\n\t\t\t\t\t<\/div>\n\t\t\t\t<\/div>\n\t\t\t<\/div>\n\n\t\t\t\t\t\n\t\t\t<div class=\"testimonial \" >\n\t\t\t\t<div class=\"testimonial-inner\">\n\t\t\t\t\t\t\t\t\t\t\t<div class=\"testimonial-avatar\">\n\t\t\t\t\t\t\t<img width=\"1024\" height=\"683\" src=\"https:\/\/kyntradingco.com\/wp-content\/uploads\/2015\/06\/tailor-made-tours-1024x683-1024x683.jpg\" class=\"testimonial-avatar-image attachment-large\" alt=\"\" loading=\"lazy\" srcset=\"https:\/\/kyntradingco.com\/wp-content\/uploads\/2015\/06\/tailor-made-tours-1024x683.jpg 1024w, https:\/\/kyntradingco.com\/wp-content\/uploads\/2015\/06\/tailor-made-tours-1024x683-300x200.jpg 300w, https:\/\/kyntradingco.com\/wp-content\/uploads\/2015\/06\/tailor-made-tours-1024x683-768x512.jpg 768w, https:\/\/kyntradingco.com\/wp-content\/uploads\/2015\/06\/tailor-made-tours-1024x683-280x187.jpg 280w, https:\/\/kyntradingco.com\/wp-content\/uploads\/2015\/06\/tailor-made-tours-1024x683-600x400.jpg 600w\" sizes=\"(max-width: 1024px) 100vw, 1024px\" \/>\t\t\t\t\t\t<\/div>\n\t\t\t\t\t\t\t\t\t\t\n\t\t\t\t\t<div class=\"testimonial-content\">\n\t\t\t\t\t\t<\/p>\n<h5><span class=\"s1\">We assure you our perfect flexibility adapt ourselves to your needs and constraints.<\/span><\/h5>\n<p>\t\t\t\t\t\t<footer>\n\t\t\t\t\t\t\tCustom service  \n\t\t\t\t\t\t\t<span>For every customers<\/span>\n\t\t\t\t\t\t<\/footer>\n\t\t\t\t\t<\/div>\n\t\t\t\t<\/div>\n\t\t\t<\/div>\n\n\t\t\t\t\t\n\t\t\t<div class=\"testimonial \" >\n\t\t\t\t<div class=\"testimonial-inner\">\n\t\t\t\t\t\t\t\t\t\t\t<div class=\"testimonial-avatar\">\n\t\t\t\t\t\t\t<img width=\"300\" height=\"200\" src=\"https:\/\/kyntradingco.com\/wp-content\/uploads\/2015\/06\/accounts-1238594_1280-300x200.jpg\" class=\"testimonial-avatar-image attachment-medium\" alt=\"\" loading=\"lazy\" srcset=\"https:\/\/kyntradingco.com\/wp-content\/uploads\/2015\/06\/accounts-1238594_1280-300x200.jpg 300w, https:\/\/kyntradingco.com\/wp-content\/uploads\/2015\/06\/accounts-1238594_1280-768x512.jpg 768w, https:\/\/kyntradingco.com\/wp-content\/uploads\/2015\/06\/accounts-1238594_1280-1024x682.jpg 1024w, https:\/\/kyntradingco.com\/wp-content\/uploads\/2015\/06\/accounts-1238594_1280-280x187.jpg 280w, https:\/\/kyntradingco.com\/wp-content\/uploads\/2015\/06\/accounts-1238594_1280-600x400.jpg 600w, https:\/\/kyntradingco.com\/wp-content\/uploads\/2015\/06\/accounts-1238594_1280-1200x800.jpg 1200w, https:\/\/kyntradingco.com\/wp-content\/uploads\/2015\/06\/accounts-1238594_1280.jpg 1280w\" sizes=\"(max-width: 300px) 100vw, 300px\" \/>\t\t\t\t\t\t<\/div>\n\t\t\t\t\t\t\t\t\t\t\n\t\t\t\t\t<div class=\"testimonial-content\">\n\t\t\t\t\t\t<\/p>\n<h5><span class=\"s1\">Our market knowledge, combined with quality partners allows us offer prices in compliance with your expectations.<\/span><\/h5>\n<p>\t\t\t\t\t\t<footer>\n\t\t\t\t\t\t\tCompetitive prices \n\t\t\t\t\t\t\t<span>With premium quality<\/span>\n\t\t\t\t\t\t<\/footer>\n\t\t\t\t\t<\/div>\n\t\t\t\t<\/div>\n\t\t\t<\/div>\n\n\t\t\t\t\t\n\t\t\t<div class=\"testimonial \" >\n\t\t\t\t<div class=\"testimonial-inner\">\n\t\t\t\t\t\t\t\t\t\t\t<div class=\"testimonial-avatar\">\n\t\t\t\t\t\t\t<img width=\"300\" height=\"168\" src=\"https:\/\/kyntradingco.com\/wp-content\/uploads\/2015\/06\/flee45xcccrkip7uq11r-1024x575-300x168.jpg\" class=\"testimonial-avatar-image attachment-medium\" alt=\"\" loading=\"lazy\" srcset=\"https:\/\/kyntradingco.com\/wp-content\/uploads\/2015\/06\/flee45xcccrkip7uq11r-1024x575-300x168.jpg 300w, https:\/\/kyntradingco.com\/wp-content\/uploads\/2015\/06\/flee45xcccrkip7uq11r-1024x575-768x431.jpg 768w, https:\/\/kyntradingco.com\/wp-content\/uploads\/2015\/06\/flee45xcccrkip7uq11r-1024x575.jpg 1024w, https:\/\/kyntradingco.com\/wp-content\/uploads\/2015\/06\/flee45xcccrkip7uq11r-1024x575-280x157.jpg 280w, https:\/\/kyntradingco.com\/wp-content\/uploads\/2015\/06\/flee45xcccrkip7uq11r-1024x575-600x337.jpg 600w\" sizes=\"(max-width: 300px) 100vw, 300px\" \/>\t\t\t\t\t\t<\/div>\n\t\t\t\t\t\t\t\t\t\t\n\t\t\t\t\t<div class=\"testimonial-content\">\n\t\t\t\t\t\t<\/p>\n<h5 class=\"p2\"><span class=\"s1\">Attaching a great importance to international quality standards, we build a specific partnership company specialized in quality inspections.<\/span><\/h5>\n<h5 class=\"p2\"><span class=\"s1\">We thus assure an optimal production quality.<\/span><\/h5>\n<h5><\/h5>\n<p>\t\t\t\t\t\t<footer>\n\t\t\t\t\t\t\tHigh-Quality products  \n\t\t\t\t\t\t\t<span>For every pieces<\/span>\n\t\t\t\t\t\t<\/footer>\n\t\t\t\t\t<\/div>\n\t\t\t\t<\/div>\n\t\t\t<\/div>\n\n\t\t\t\t\t\n\t\t\t<div class=\"testimonial \" >\n\t\t\t\t<div class=\"testimonial-inner\">\n\t\t\t\t\t\t\t\t\t\t\t<div class=\"testimonial-avatar\">\n\t\t\t\t\t\t\t<img width=\"300\" height=\"200\" src=\"https:\/\/kyntradingco.com\/wp-content\/uploads\/2015\/06\/louvre-530058_1280-300x200.jpg\" class=\"testimonial-avatar-image attachment-medium\" alt=\"\" loading=\"lazy\" srcset=\"https:\/\/kyntradingco.com\/wp-content\/uploads\/2015\/06\/louvre-530058_1280-300x200.jpg 300w, https:\/\/kyntradingco.com\/wp-content\/uploads\/2015\/06\/louvre-530058_1280-768x512.jpg 768w, https:\/\/kyntradingco.com\/wp-content\/uploads\/2015\/06\/louvre-530058_1280-1024x682.jpg 1024w, https:\/\/kyntradingco.com\/wp-content\/uploads\/2015\/06\/louvre-530058_1280-280x187.jpg 280w, https:\/\/kyntradingco.com\/wp-content\/uploads\/2015\/06\/louvre-530058_1280-600x400.jpg 600w, https:\/\/kyntradingco.com\/wp-content\/uploads\/2015\/06\/louvre-530058_1280-1200x800.jpg 1200w, https:\/\/kyntradingco.com\/wp-content\/uploads\/2015\/06\/louvre-530058_1280.jpg 1280w\" sizes=\"(max-width: 300px) 100vw, 300px\" \/>\t\t\t\t\t\t<\/div>\n\t\t\t\t\t\t\t\t\t\t\n\t\t\t\t\t<div class=\"testimonial-content\">\n\t\t\t\t\t\t<\/p>\n<h5><span class=\"s1\">Thanks to our Team\u2019s Know-How and experience, we bring you our \u00ab\u00a0French Touch\u00a0\u00bb which will make the difference in all your projects. <\/span><\/h5>\n<p>\t\t\t\t\t\t<footer>\n\t\t\t\t\t\t\tFrench Touch \n\t\t\t\t\t\t\t<span>Always with style<\/span>\n\t\t\t\t\t\t<\/footer>\n\t\t\t\t\t<\/div>\n\t\t\t\t<\/div>\n\t\t\t<\/div>\n\n\t\t\t\t\t\t<\/div>\n\t\t\t<\/div>\n\n\t\t\t\n\t\t[\/vc_column][\/vc_row][vc_row full_width=\u00a0\u00bbstretch_row_content\u00a0\u00bb][vc_column][vc_raw_html]JTNDZGl2JTIwY2xhc3MlM0QlMjJjYXJkcyUyMiUzRSUwQSUyMCUyMCUyMCUyMCUyMCUyMCUzQyUyMS0tJTIwREVCVVQlMjBDQVJEJTIwLS0lM0UlMEElMjAlMjAlMjAlMjAlMjAlMjAlM0NkaXYlMjBjbGFzcyUzRCUyMmxpbmUlMjIlM0UlMEElMEElMjAlMjAlMjAlMjAlMjAlMjAlMjAlMjAlM0NkaXYlMjBjbGFzcyUzRCUyMnN0cmVuZ3RoLWNhcmQlMjIlM0UlMEElMjAlMjAlMjAlMjAlMjAlMjAlMjAlMjAlMjAlMjAlMjAlMjAlM0NkaXYlMjBjbGFzcyUzRCUyMmZyb250LXBpY3R1cmUlMjIlM0UlMEElMjAlMjAlMjAlMjAlMjAlMjAlMjAlMjAlMjAlMjAlMjAlMjAlMjAlMjAlM0NpbWclMjBzcmMlM0QlMjJodHRwcyUzQSUyRiUyRmt5bnRyYWRpbmdjby5jb20lMkZ3cC1jb250ZW50JTJGdXBsb2FkcyUyRjIwMTUlMkYwNiUyRmxvdXZyZS01MzAwNThfMTI4MC0zMDB4MjAwLmpwZyUyMiUyMGFsdCUzRCUyMiUyMiUzRSUwQSUyMCUyMCUyMCUyMCUyMCUyMCUyMCUyMCUyMCUyMCUzQyUyRmRpdiUzRSUwQSUyMCUyMCUyMCUyMCUyMCUyMCUyMCUyMCUyMCUyMCUzQ2RpdiUyMGNsYXNzJTNEJTIyYmFjay1kZXNjciUyMiUzRSUwQSUyMCUyMCUyMCUyMCUyMCUyMCUyMCUyMCUyMCUyMCUyMCUyMCUzQ2RpdiUyMGNsYXNzJTNEJTIyYmFjay1kZXNjci1jb250ZW50JTIyJTNFJTBBJTIwJTIwJTIwJTIwJTIwJTIwJTIwJTIwJTIwJTIwJTIwJTIwJTIwJTIwJTNDcCUzRUdyJUMzJUEyY2UlMjAlMjBhdSUyMCUyMHNhdm9pci1mYWlyZSUyMCUyMGRlJTIwJTIwbm9zJTIwJTIwJUMzJUE5cXVpcGVzJTIwJTIwZXQlMjBub3RyZSUyMCUyMGV4cCVDMyVBOXJpZW5jZSUyQyUyMCUyMG5vdXMlMjAlMjBhcHBvcnRvbnMlMjAlMjBub3RyZSUyMCVDMiVBQkZyZW5jaCUyMCUyMFRvdWNoJUMyJUJCJTIwJTIwcXVpJTIwJTIwZmVyYSUyMCUyMGxhJTIwJTIwZGlmZiVDMyVBOXJlbmNlJTIwZGFucyUyMHRvdXMlMjB2b3MlMjBwcm9qZXRzLiUzQyUyRnAlM0UlMEElMjAlMjAlMjAlMjAlMjAlMjAlMjAlMjAlMjAlMjAlMjAlMjAlMjAlMjAlM0NzdHJvbmclM0VGcmVuY2glMjBUb3VjaCUzQyUyRnN0cm9uZyUzRSUyMC0lMjBUb3Vqb3VycyUyMGF2ZWMlMjBzdHlsZSUwQSUyMCUyMCUyMCUyMCUyMCUyMCUyMCUyMCUyMCUyMCUyMCUyMCUzQyUyRmRpdiUzRSUwQSUyMCUyMCUyMCUyMCUyMCUyMCUyMCUyMCUyMCUyMCUzQyUyRmRpdiUzRSUwQSUyMCUyMCUyMCUyMCUyMCUyMCUyMCUyMCUzQyUyRmRpdiUzRSUwQSUwQSUyMCUyMCUyMCUyMCUyMCUyMCUyMCUyMCUzQ2RpdiUyMGNsYXNzJTNEJTIyc3RyZW5ndGgtY2FyZCUyMiUzRSUwQSUyMCUyMCUyMCUyMCUyMCUyMCUyMCUyMCUyMCUyMCUzQ2RpdiUyMGNsYXNzJTNEJTIyZnJvbnQtcGljdHVyZSUyMiUzRSUwQSUyMCUyMCUyMCUyMCUyMCUyMCUyMCUyMCUyMCUyMCUyMCUyMCUyMCUyMCUzQ2ltZyUyMHNyYyUzRCUyMmh0dHBzJTNBJTJGJTJGa3ludHJhZGluZ2NvLmNvbSUyRndwLWNvbnRlbnQlMkZ1cGxvYWRzJTJGMjAxNSUyRjA2JTJGbWVuZWptZW50aS0xLTYwMHg2MDAuanBnJTIyJTIwYWx0JTNEJTIyJTIyJTNFJTBBJTIwJTIwJTIwJTIwJTIwJTIwJTIwJTIwJTIwJTIwJTNDJTJGZGl2JTNFJTBBJTIwJTIwJTIwJTIwJTIwJTIwJTIwJTIwJTIwJTIwJTNDZGl2JTIwY2xhc3MlM0QlMjJiYWNrLWRlc2NyJTIwYmMtMiUyMiUzRSUwQSUyMCUyMCUyMCUyMCUyMCUyMCUyMCUyMCUyMCUyMCUyMCUyMCUzQ2RpdiUyMGNsYXNzJTNEJTIyYmFjay1kZXNjci1jb250ZW50JTIyJTNFJTBBJTIwJTIwJTIwJTIwJTIwJTIwJTIwJTIwJTIwJTIwJTIwJTIwJTIwJTIwJTNDcCUzRUNoYXF1ZSUyMGNsaWVudCUyMGElMjB1bmUlMjAlQzMlQTlxdWlwZSUyMGQlQzMlQTlkaSVDMyVBOWUlMjBkaXJpZyVDMyVBOWUlMjBwYXIlMjB1biUyMHByb2pldCUyMG1hbmFnZXIlMjBwb3VyJTIwc3VpdnJlJTIwc29uJTIwcHJvamV0LiUzQyUyRnAlM0UlMEElMjAlMjAlMjAlMjAlMjAlMjAlMjAlMjAlMjAlMjAlMjAlMjAlMjAlMjAlM0NwJTNFUmVjb25udXMlMjBjb21tZSUyMGRlcyUyMGV4cGVydHMlMjBkdSUyMFNvdXJjaW5nJTJDJTIwbGVzJTIwY29tcCVDMyVBOXRlbmNlcyUyMGRlJTIwbm9zJTIwJUMzJUE5cXVpcGVzJTIwYXNzdXJlcm9udCUyMHVuZSUyMGNvbiVFRiVBQyU4MWFuY2UlMjBldCUyMHVuZSUyMCVFRiVBQyU4MWFiaWxpdCVDMyVBOSUyMHRvdXQlMjBhdSUyMGxvbmclMjBkdSUyMHByb2pldCUyMCUyMCUzQyUyRnAlM0UlMEElMjAlMjAlMjAlMjAlMjAlMjAlMjAlMjAlMjAlMjAlMjAlMjAlMjAlMjAlM0NzdHJvbmclM0VVbmUlMjAlQzMlQTlxdWlwZSUyMHByb2Zlc3Npb25uZWxsZSUzQyUyRnN0cm9uZyUzRSUyMC0lMjBQb3VyJTIwc3VpdnJlJTIwdm9zJTIwcHJvamV0cyUwQSUyMCUyMCUyMCUyMCUyMCUyMCUyMCUyMCUyMCUyMCUyMCUyMCUzQyUyRmRpdiUzRSUwQSUyMCUyMCUyMCUyMCUyMCUyMCUyMCUyMCUyMCUyMCUzQyUyRmRpdiUzRSUwQSUyMCUyMCUyMCUyMCUyMCUyMCUyMCUyMCUzQyUyRmRpdiUzRSUwQSUwQSUyMCUyMCUyMCUyMCUyMCUyMCUyMCUyMCUzQ2RpdiUyMGNsYXNzJTNEJTIyc3RyZW5ndGgtY2FyZCUyMiUzRSUwQSUyMCUyMCUyMCUyMCUyMCUyMCUyMCUyMCUyMCUyMCUzQ2RpdiUyMGNsYXNzJTNEJTIyZnJvbnQtcGljdHVyZSUyMiUzRSUwQSUyMCUyMCUyMCUyMCUyMCUyMCUyMCUyMCUyMCUyMCUyMCUyMCUyMCUyMCUzQ2ltZyUyMHNyYyUzRCUyMmh0dHBzJTNBJTJGJTJGa3ludHJhZGluZ2NvLmNvbSUyRndwLWNvbnRlbnQlMkZ1cGxvYWRzJTJGMjAxNSUyRjA2JTJGYWNjb3VudHMtMTIzODU5NF8xMjgwLTMwMHgyMDAuanBnJTIyJTIwYWx0JTNEJTIyJTIyJTNFJTBBJTIwJTIwJTIwJTIwJTIwJTIwJTIwJTIwJTIwJTIwJTNDJTJGZGl2JTNFJTBBJTIwJTIwJTIwJTIwJTIwJTIwJTIwJTIwJTIwJTIwJTNDZGl2JTIwY2xhc3MlM0QlMjJiYWNrLWRlc2NyJTIyJTNFJTBBJTIwJTIwJTIwJTIwJTIwJTIwJTIwJTIwJTIwJTIwJTIwJTIwJTNDZGl2JTIwY2xhc3MlM0QlMjJiYWNrLWRlc2NyLWNvbnRlbnQlMjIlM0UlMEElMjAlMjAlMjAlMjAlMjAlMjAlMjAlMjAlMjAlMjAlMjAlMjAlMjAlMjAlMjAlMjAlM0NwJTNFTm90cmUlMjBjb25uYWlzc2FuY2UlMjBkdSUyMG1hcmNoJUMzJUE5JTJDJTIwY29tYmluJUMzJUE5ZSUyMCVDMyVBMCUyMGRlcyUyMHBhcnRlbmFpcmVzJTIwZGUlMjBxdWFsaXQlQzMlQTklMjBub3VzJTIwcGVybWV0dGVudCUyMCUyMGRlJTIwdm91cyUyMG9mZnJpciUyMGRlcyUyMHByaXglMjBjb25mb3JtZW50JTIwJUMzJUEwJTIwdm9zJTIwYXR0ZW50ZXMuJTIwJTNDJTJGcCUzRSUwQSUyMCUyMCUyMCUyMCUyMCUyMCUyMCUyMCUyMCUyMCUyMCUyMCUyMCUyMCUyMCUyMCUzQ3N0cm9uZyUzRVByaXglMjBDb21wJUMzJUE5dGl0aWZzJTNDJTJGc3Ryb25nJTNFJTIwLSUyMERlJTIwcXVhbGl0JUMzJUE5JTIwcHJlbWklQzMlQThyZSUwQSUyMCUyMCUyMCUyMCUyMCUyMCUyMCUyMCUyMCUyMCUyMCUyMCUzQyUyRmRpdiUzRSUwQSUyMCUyMCUyMCUyMCUyMCUyMCUyMCUyMCUyMCUyMCUzQyUyRmRpdiUzRSUwQSUyMCUyMCUyMCUyMCUyMCUyMCUyMCUyMCUzQyUyRmRpdiUzRSUwQSUyMCUyMCUyMCUyMCUyMCUyMCUzQyUyRmRpdiUzRSUyMCUzQyUyMS0tJTIwbGluZSUyMC0tJTNFJTBBJTBBJTIwJTIwJTIwJTIwJTIwJTIwJTNDZGl2JTIwY2xhc3MlM0QlMjJsaW5lJTIyJTNFJTBBJTBBJTIwJTIwJTIwJTIwJTIwJTIwJTIwJTIwJTNDZGl2JTIwY2xhc3MlM0QlMjJzdHJlbmd0aC1jYXJkJTIyJTNFJTBBJTIwJTIwJTIwJTIwJTIwJTIwJTIwJTIwJTIwJTIwJTNDZGl2JTIwY2xhc3MlM0QlMjJmcm9udC1waWN0dXJlJTIyJTNFJTBBJTIwJTIwJTIwJTIwJTIwJTIwJTIwJTIwJTIwJTIwJTIwJTIwJTIwJTIwJTNDaW1nJTIwc3JjJTNEJTIyaHR0cHMlM0ElMkYlMkZreW50cmFkaW5nY28uY29tJTJGd3AtY29udGVudCUyRnVwbG9hZHMlMkYyMDE1JTJGMDYlMkZmbGVlNDV4Y2NjcmtpcDd1cTExci0xMDI0eDU3NS0zMDB4MTY4LmpwZyUyMiUyMGFsdCUzRCUyMiUyMiUzRSUwQSUyMCUyMCUyMCUyMCUyMCUyMCUyMCUyMCUyMCUyMCUzQyUyRmRpdiUzRSUwQSUyMCUyMCUyMCUyMCUyMCUyMCUyMCUyMCUyMCUyMCUzQ2RpdiUyMGNsYXNzJTNEJTIyYmFjay1kZXNjciUyMiUzRSUwQSUyMCUyMCUyMCUyMCUyMCUyMCUyMCUyMCUyMCUyMCUyMCUyMCUzQ2RpdiUyMGNsYXNzJTNEJTIyYmFjay1kZXNjci1jb250ZW50JTIyJTNFJTBBJTIwJTIwJTIwJTIwJTIwJTIwJTIwJTIwJTIwJTIwJTIwJTIwJTIwJTIwJTNDcCUzRUFjY29yZGFudCUyMHVuZSUyMGdyYW5kZSUyMGltcG9ydGFuY2UlMjBhdXglMjBzdGFuZGFyZHMlMjBkZSUyMHF1YWxpdCVDMyVBOSUyMGludGVybmF0aW9uYXV4JTJDJTIwbm91cyUyMGF2b25zJTIwbGklQzMlQTklMjB1biUyMHBhcnRlbmFyaWF0JTIwYXZlYyUyMHVuZSUyMHNvY2klQzMlQTl0JUMzJUE5JTIwc3AlQzMlQTljaWFsaXMlQzMlQTllJTIwZGFucyUyMGxlJTIwY29udHIlQzMlQjRsZSUyMHF1YWxpdCVDMyVBOS4lMjAlM0MlMkZwJTNFJTBBJTIwJTIwJTIwJTIwJTIwJTIwJTIwJTIwJTIwJTIwJTIwJTIwJTIwJTIwJTNDcCUzRU5vdXMlMjB2b3VzJTIwZ2FyYW50aXNzb25zJTIwYWluc2klMjB1bmUlMjBxdWFsaXQlQzMlQTklMjBkZSUyMHByb2R1Y3Rpb24lMjBvcHRpbWFsZS4lM0MlMkZwJTNFJTBBJTIwJTIwJTIwJTIwJTIwJTIwJTIwJTIwJTIwJTIwJTIwJTIwJTIwJTIwJTNDc3Ryb25nJTNFUHJvZHVpdHMlMjBkZSUyMHF1YWxpdCVDMyVBOSUyMCUzQyUyRnN0cm9uZyUzRSUyMC0lMjBQb3VyJTIwY2hhcXVlJTIwcHJvZHVpdCUwQSUyMCUyMCUyMCUyMCUyMCUyMCUyMCUyMCUyMCUyMCUyMCUyMCUzQyUyRmRpdiUzRSUwQSUyMCUyMCUyMCUyMCUyMCUyMCUyMCUyMCUyMCUyMCUzQyUyRmRpdiUzRSUwQSUyMCUyMCUyMCUyMCUyMCUyMCUyMCUyMCUzQyUyRmRpdiUzRSUwQSUwQSUyMCUyMCUyMCUyMCUyMCUyMCUyMCUyMCUzQ2RpdiUyMGNsYXNzJTNEJTIyc3RyZW5ndGgtY2FyZCUyMiUzRSUwQSUyMCUyMCUyMCUyMCUyMCUyMCUyMCUyMCUyMCUyMCUzQ2RpdiUyMGNsYXNzJTNEJTIyZnJvbnQtcGljdHVyZSUyMiUzRSUwQSUyMCUyMCUyMCUyMCUyMCUyMCUyMCUyMCUyMCUyMCUyMCUyMCUyMCUyMCUzQ2ltZyUyMHNyYyUzRCUyMmh0dHBzJTNBJTJGJTJGa3ludHJhZGluZ2NvLmNvbSUyRndwLWNvbnRlbnQlMkZ1cGxvYWRzJTJGMjAxNSUyRjA2JTJGdGFpbG9yLW1hZGUtdG91cnMtMTAyNHg2ODMtMTAyNHg2ODMuanBnJTIyJTIwYWx0JTNEJTIyJTIyJTNFJTBBJTIwJTIwJTIwJTIwJTIwJTIwJTIwJTIwJTIwJTIwJTNDJTJGZGl2JTNFJTBBJTIwJTIwJTIwJTIwJTIwJTIwJTIwJTIwJTIwJTIwJTNDZGl2JTIwY2xhc3MlM0QlMjJiYWNrLWRlc2NyJTIyJTNFJTBBJTIwJTIwJTIwJTIwJTIwJTIwJTIwJTIwJTIwJTIwJTIwJTIwJTNDZGl2JTIwY2xhc3MlM0QlMjJiYWNrLWRlc2NyLWNvbnRlbnQlMjIlM0UlMEElMjAlMjAlMjAlMjAlMjAlMjAlMjAlMjAlMjAlMjAlMjAlMjAlMjAlMjAlM0NwJTNFTm91cyUyMHZvdXMlMjBnYXJhbnRpc3NvbnMlMjBub3RyZSUyMHBhcmZhaXRlJTIwZmxleGliaWxpdCVDMyVBOSUyMGV0JTIwbm91cyUyMGFkYXB0b25zJTIwYXUlMjBtaWV1eCUyMCVDMyVBMCUyMHZvcyUyMGJlc29pbnMlMjBldCUyMGNvbnRyYWludGVzLiUzQyUyRnAlM0UlMEElMjAlMjAlMjAlMjAlMjAlMjAlMjAlMjAlMjAlMjAlMjAlMjAlMjAlMjAlM0NzdHJvbmclM0VVbiUyMHNlcnZpY2UlMjBzdXItbWVzdXJlJTNDJTJGc3Ryb25nJTNFJTIwLSUyMFBvdXIlMjBjaGFxdWUlMjBjbGllbnQlMEElMjAlMjAlMjAlMjAlMjAlMjAlMjAlMjAlMjAlMjAlMjAlMjAlM0MlMkZkaXYlM0UlMEElMjAlMjAlMjAlMjAlMjAlMjAlMjAlMjAlMjAlMjAlM0MlMkZkaXYlM0UlMEElMjAlMjAlMjAlMjAlMjAlMjAlMjAlMjAlM0MlMkZkaXYlM0UlMEElMEElMjAlMjAlMjAlMjAlMjAlMjAlM0MlMkZkaXYlM0UlMjAlM0MlMjEtLSUyMGNhcmRzLS0lM0UlMEElMEElMjAlMjAlMjAlMjAlM0MlMkZkaXYlM0UlMjAlM0MlMjEtLSUyMGxpbmUtLSUzRSUwQQ==[\/vc_raw_html][\/vc_column][\/vc_row]<\/p>\n","protected":false},"excerpt":{"rendered":"<p>[vc_row full_width=\u00a0\u00bbstretch_row\u00a0\u00bb full_height=\u00a0\u00bbyes\u00a0\u00bb fadeout_row=\u00a0\u00bbfadeout_row_value\u00a0\u00bb css=\u00a0\u00bb.vc_custom_1487081908584{margin-bottom: 60px !important;background-image: url(http:\/\/kyntradingco.com\/wp-content\/uploads\/2015\/06\/arturai_tailor_made_istock_000033845414_double_crop.jpg?id=22766) !important;background-position: center !important;background-repeat: no-repeat !important;background-size: cover !important;}\u00a0\u00bb][vc_column][vc_column_text basel_color_scheme=\u00a0\u00bblight\u00a0\u00bb css=\u00a0\u00bb.vc_custom_1587241338495{margin-top: 5% !important;margin-bottom: 5%<\/p>\n","protected":false},"author":3,"featured_media":0,"parent":0,"menu_order":0,"comment_status":"closed","ping_status":"open","template":"","meta":[],"_links":{"self":[{"href":"https:\/\/kyntradingco.com\/fr\/wp-json\/wp\/v2\/pages\/22401"}],"collection":[{"href":"https:\/\/kyntradingco.com\/fr\/wp-json\/wp\/v2\/pages"}],"about":[{"href":"https:\/\/kyntradingco.com\/fr\/wp-json\/wp\/v2\/types\/page"}],"author":[{"embeddable":true,"href":"https:\/\/kyntradingco.com\/fr\/wp-json\/wp\/v2\/users\/3"}],"replies":[{"embeddable":true,"href":"https:\/\/kyntradingco.com\/fr\/wp-json\/wp\/v2\/comments?post=22401"}],"version-history":[{"count":20,"href":"https:\/\/kyntradingco.com\/fr\/wp-json\/wp\/v2\/pages\/22401\/revisions"}],"predecessor-version":[{"id":24000,"href":"https:\/\/kyntradingco.com\/fr\/wp-json\/wp\/v2\/pages\/22401\/revisions\/24000"}],"wp:attachment":[{"href":"https:\/\/kyntradingco.com\/fr\/wp-json\/wp\/v2\/media?parent=22401"}],"curies":[{"name":"wp","href":"https:\/\/api.w.org\/{rel}","templated":true}]}}